{"id":6535,"date":"2022-11-08T13:48:03","date_gmt":"2022-11-08T13:48:03","guid":{"rendered":"https:\/\/jean-laurentdomingue.com\/biography\/"},"modified":"2025-11-11T13:01:50","modified_gmt":"2025-11-11T13:01:50","slug":"biography","status":"publish","type":"page","link":"https:\/\/jean-laurentdomingue.com\/fr\/","title":{"rendered":"Accueil"},"content":{"rendered":"\t\t<div data-elementor-type=\"wp-page\" data-elementor-id=\"6535\" class=\"elementor elementor-6535 elementor-1388\">\n\t\t\t\t\t\t<section class=\"elementor-section elementor-top-section elementor-element elementor-element-0129d15 elementor-section-full_width qodef-elementor-content-grid qodef-offset-image-disable-below--680 elementor-section-height-default elementor-section-height-default\" data-id=\"0129d15\" data-element_type=\"section\" data-settings=\"{&quot;background_background&quot;:&quot;classic&quot;}\">\n\t\t\t\t\t\t<div class=\"elementor-container elementor-column-gap-default\">\n\t\t\t\t\t<div class=\"elementor-column elementor-col-50 elementor-top-column elementor-element elementor-element-40e3b2b\" data-id=\"40e3b2b\" data-element_type=\"column\">\n\t\t\t<div class=\"elementor-widget-wrap elementor-element-populated\">\n\t\t\t\t\t\t<div class=\"elementor-element elementor-element-0c4e438 elementor-widget elementor-widget-wellmont_core_single_image\" data-id=\"0c4e438\" data-element_type=\"widget\" data-widget_type=\"wellmont_core_single_image.default\">\n\t\t\t\t<div class=\"elementor-widget-container\">\n\t\t\t\t\t<div class=\"qodef-shortcode qodef-m  qodef-single-image qodef-layout--default  \">\n\t\t\t<div class=\"qodef-m-image\">\n\t\t\t\t\t\t\t\t<img fetchpriority=\"high\" decoding=\"async\" width=\"1244\" height=\"1490\" src=\"https:\/\/jean-laurentdomingue.com\/wp-content\/uploads\/2025\/10\/Screenshot-2025-10-03-at-1.36.53-PM.png\" class=\"attachment-full size-full\" alt=\"\" srcset=\"https:\/\/jean-laurentdomingue.com\/wp-content\/uploads\/2025\/10\/Screenshot-2025-10-03-at-1.36.53-PM.png 1244w, https:\/\/jean-laurentdomingue.com\/wp-content\/uploads\/2025\/10\/Screenshot-2025-10-03-at-1.36.53-PM-250x300.png 250w, https:\/\/jean-laurentdomingue.com\/wp-content\/uploads\/2025\/10\/Screenshot-2025-10-03-at-1.36.53-PM-855x1024.png 855w, https:\/\/jean-laurentdomingue.com\/wp-content\/uploads\/2025\/10\/Screenshot-2025-10-03-at-1.36.53-PM-768x920.png 768w, https:\/\/jean-laurentdomingue.com\/wp-content\/uploads\/2025\/10\/Screenshot-2025-10-03-at-1.36.53-PM-600x719.png 600w\" sizes=\"(max-width: 1244px) 100vw, 1244px\" \/>\t\t\t\t\t\t\t<\/div>\n\t<\/div>\n\t\t\t\t<\/div>\n\t\t\t\t<\/div>\n\t\t\t\t\t<\/div>\n\t\t<\/div>\n\t\t\t\t<div class=\"elementor-column elementor-col-50 elementor-top-column elementor-element elementor-element-27a30f7\" data-id=\"27a30f7\" data-element_type=\"column\">\n\t\t\t<div class=\"elementor-widget-wrap elementor-element-populated\">\n\t\t\t\t\t\t<div class=\"elementor-element elementor-element-df7280e elementor-widget__width-initial elementor-widget elementor-widget-wellmont_core_section_title\" data-id=\"df7280e\" data-element_type=\"widget\" data-widget_type=\"wellmont_core_section_title.default\">\n\t\t\t\t<div class=\"elementor-widget-container\">\n\t\t\t\t\t<div class=\"qodef-shortcode qodef-m  qodef-section-title qodef-alignment--left \">\n\t\t<div class=\"qodef-m-supertitle\" style=\"margin-bottom: 5px\">\n\t\t<h6 class=\"qodef-m-supertitle-text\">biographie<\/h6>\n\t<\/div>\n\t\t<h2 class=\"qodef-m-title\" >\n\t\t\t\t\tJean-Laurent Domingue, inf., Ph. D.\t\t\t<\/h2>\n\t\t<\/div>\n\t\t\t\t<\/div>\n\t\t\t\t<\/div>\n\t\t\t\t<div class=\"elementor-element elementor-element-453fd70 elementor-widget elementor-widget-text-editor\" data-id=\"453fd70\" data-element_type=\"widget\" data-widget_type=\"text-editor.default\">\n\t\t\t\t<div class=\"elementor-widget-container\">\n\t\t\t\t\t\t\t\t\t<p>Jean-Laurent Domingue est infirmier autoris\u00e9 et professeur agr\u00e9g\u00e9 \u00e0 l\u2019\u00c9cole des sciences infirmi\u00e8res de l\u2019Universit\u00e9 d\u2019Ottawa.<\/p>\t\t\t\t\t\t\t\t<\/div>\n\t\t\t\t<\/div>\n\t\t\t\t<div class=\"elementor-element elementor-element-66d62d7 elementor-widget elementor-widget-text-editor\" data-id=\"66d62d7\" data-element_type=\"widget\" data-widget_type=\"text-editor.default\">\n\t\t\t\t<div class=\"elementor-widget-container\">\n\t\t\t\t\t\t\t\t\t<p>Jean-Laurent Domingue est infirmier autoris\u00e9 et professeur agr\u00e9g\u00e9 \u00e0 l\u2019\u00c9cole des sciences infirmi\u00e8res de l\u2019Universit\u00e9 d\u2019Ottawa. Apr\u00e8s l\u2019obtention de son baccalaur\u00e9at en sciences infirmi\u00e8res en 2014, il a travaill\u00e9 en psychiatrie et en psychiatrie l\u00e9gale au Centre de sant\u00e9 mentale Royal Ottawa, \u00e0 la fois comme infirmier au chevet, comme gestionnaire clinique, et \u00e0 titre de directeur du programme de psychiatrie l\u00e9gale, avant de rejoindre l\u2019Universit\u00e9 d\u2019Ottawa en 2021. Ses travaux de recherche portent sur les dimensions politiques des soins infirmiers, en particulier sur la prise en charge des personnes marginalis\u00e9es au croisement de la sant\u00e9 et de la s\u00e9curit\u00e9 publiques. Il poss\u00e8de une expertise en m\u00e9thodologies qualitatives en sant\u00e9 et en approches critiques, qu\u2019il mobilise pour explorer les interactions entre le personnel infirmier et les structures h\u00e9g\u00e9moniques qui perp\u00e9tuent les injustices syst\u00e9miques, notamment en psychiatrie et en psychiatrie l\u00e9gale. \u00c0 l\u2019Universit\u00e9 d\u2019Ottawa, il enseigne les cours de soins infirmiers en sant\u00e9 mentale et de contextes politiques et \u00e9conomiques des soins de sant\u00e9 au baccalaur\u00e9at, ainsi que le cours de m\u00e9thodologie qualitative aux cycles sup\u00e9rieurs.<\/p><p><span data-olk-copy-source=\"MessageBody\">Jean-Laurent est chercheur associ\u00e9 \u00e0 l\u2019Institut de recherche en sant\u00e9 mentale The Royal et \u00e0 l\u2019Institut national de psychiatrie l\u00e9gale Philippe-Pinel<\/span>.<\/p>\t\t\t\t\t\t\t\t<\/div>\n\t\t\t\t<\/div>\n\t\t\t\t\t<\/div>\n\t\t<\/div>\n\t\t\t\t\t<\/div>\n\t\t<\/section>\n\t\t\t\t<section class=\"elementor-section elementor-top-section elementor-element elementor-element-431b6257 elementor-section-full_width qodef-elementor-content-grid elementor-section-height-default elementor-section-height-default\" data-id=\"431b6257\" data-element_type=\"section\" data-settings=\"{&quot;background_background&quot;:&quot;classic&quot;}\">\n\t\t\t\t\t\t<div class=\"elementor-container elementor-column-gap-default\">\n\t\t\t\t\t<div class=\"elementor-column elementor-col-50 elementor-top-column elementor-element elementor-element-81dc5dc\" data-id=\"81dc5dc\" data-element_type=\"column\">\n\t\t\t<div class=\"elementor-widget-wrap elementor-element-populated\">\n\t\t\t\t\t\t<div class=\"elementor-element elementor-element-72121e83 elementor-widget__width-initial elementor-widget elementor-widget-wellmont_core_section_title\" data-id=\"72121e83\" data-element_type=\"widget\" data-widget_type=\"wellmont_core_section_title.default\">\n\t\t\t\t<div class=\"elementor-widget-container\">\n\t\t\t\t\t<div class=\"qodef-shortcode qodef-m  qodef-section-title qodef-alignment--left \">\n\t\t<div class=\"qodef-m-supertitle\" style=\"margin-bottom: 15px\">\n\t\t<h6 class=\"qodef-m-supertitle-text\">Reconnaissances<\/h6>\n\t<\/div>\n\t\t<h2 class=\"qodef-m-title\" style=\"color: #7B7A6A\">\n\t\t\t\t\tPrix et distinctions\t\t\t<\/h2>\n\t\t<p class=\"qodef-m-subtitle\" style=\"margin-top: 19px;color: #383837\">L\u2019engagement de Jean-Laurent envers l\u2019enseignement et le mentorat a \u00e9t\u00e9 reconnu par les distinctions suivantes :<\/p>\n\t\t<p class=\"qodef-m-text\" style=\"margin-top: 10px;color: #0B0449\">\n<\/p>\n<\/div>\n\t\t\t\t<\/div>\n\t\t\t\t<\/div>\n\t\t\t\t\t<\/div>\n\t\t<\/div>\n\t\t\t\t<div class=\"elementor-column elementor-col-50 elementor-top-column elementor-element elementor-element-5dfe7ea\" data-id=\"5dfe7ea\" data-element_type=\"column\">\n\t\t\t<div class=\"elementor-widget-wrap elementor-element-populated\">\n\t\t\t\t\t\t<section class=\"elementor-section elementor-inner-section elementor-element elementor-element-7b9fcd7b elementor-section-boxed elementor-section-height-default elementor-section-height-default\" data-id=\"7b9fcd7b\" data-element_type=\"section\">\n\t\t\t\t\t\t<div class=\"elementor-container elementor-column-gap-default\">\n\t\t\t\t\t<div class=\"elementor-column elementor-col-100 elementor-inner-column elementor-element elementor-element-4b2c4168\" data-id=\"4b2c4168\" data-element_type=\"column\">\n\t\t\t<div class=\"elementor-widget-wrap elementor-element-populated\">\n\t\t\t\t\t\t<div class=\"elementor-element elementor-element-13e12bb8 elementor-widget elementor-widget-wellmont_core_icon_with_text\" data-id=\"13e12bb8\" data-element_type=\"widget\" data-widget_type=\"wellmont_core_icon_with_text.default\">\n\t\t\t\t<div class=\"elementor-widget-container\">\n\t\t\t\t\t<div class=\"qodef-shortcode qodef-m  qodef-icon-with-text qodef-layout--before-content qodef--svg-icon  qodef-background-icon-image--no\">\n\t<div class=\"qodef-m-icon-wrapper\" >\n\t\t\t\t\t<\/div>\n\t<div class=\"qodef-m-content\">\n\t\t\t<h4 class=\"qodef-m-title\" style=\"margin-top: 5px\">\n\t\t\t\t\t<span class=\"qodef-m-title-text\">2023 | Prix d\u2019excellence en enseignement<\/span>\n\t\t\t<\/h4>\n\t\t\t<p class=\"qodef-m-text\" >Council of Ontario University Programs in Nursing (COUPN)<\/p>\n\t<\/div>\n<\/div>\n\t\t\t\t<\/div>\n\t\t\t\t<\/div>\n\t\t\t\t<div class=\"elementor-element elementor-element-11e7a85f elementor-widget elementor-widget-wellmont_core_icon_with_text\" data-id=\"11e7a85f\" data-element_type=\"widget\" data-widget_type=\"wellmont_core_icon_with_text.default\">\n\t\t\t\t<div class=\"elementor-widget-container\">\n\t\t\t\t\t<div class=\"qodef-shortcode qodef-m  qodef-icon-with-text qodef-layout--before-content qodef--svg-icon  qodef-background-icon-image--no\">\n\t<div class=\"qodef-m-icon-wrapper\" >\n\t\t\t\t\t<\/div>\n\t<div class=\"qodef-m-content\">\n\t\t\t<h4 class=\"qodef-m-title\" style=\"margin-top: 5px\">\n\t\t\t\t\t<span class=\"qodef-m-title-text\">2024 | Prix de la doyenne pour l\u2019excellence<\/span>\n\t\t\t<\/h4>\n\t\t\t<p class=\"qodef-m-text\" >Enseignement, Facult\u00e9 des sciences de la sant\u00e9, Universit\u00e9 d\u2019Ottawa<\/p>\n\t<\/div>\n<\/div>\n\t\t\t\t<\/div>\n\t\t\t\t<\/div>\n\t\t\t\t\t<\/div>\n\t\t<\/div>\n\t\t\t\t\t<\/div>\n\t\t<\/section>\n\t\t\t\t\t<\/div>\n\t\t<\/div>\n\t\t\t\t\t<\/div>\n\t\t<\/section>\n\t\t\t\t<section class=\"elementor-section elementor-top-section elementor-element elementor-element-6796970 elementor-section-full_width qodef-elementor-content-grid elementor-section-height-default elementor-section-height-default\" data-id=\"6796970\" data-element_type=\"section\" data-settings=\"{&quot;background_background&quot;:&quot;classic&quot;}\">\n\t\t\t\t\t\t<div class=\"elementor-container elementor-column-gap-default\">\n\t\t\t\t\t<div class=\"elementor-column elementor-col-50 elementor-top-column elementor-element elementor-element-315c662\" data-id=\"315c662\" data-element_type=\"column\">\n\t\t\t<div class=\"elementor-widget-wrap elementor-element-populated\">\n\t\t\t\t\t\t<div class=\"elementor-element elementor-element-669f630 elementor-widget elementor-widget-image\" data-id=\"669f630\" data-element_type=\"widget\" data-widget_type=\"image.default\">\n\t\t\t\t<div class=\"elementor-widget-container\">\n\t\t\t\t\t\t\t\t\t\t\t\t\t\t\t<img decoding=\"async\" width=\"1606\" height=\"1276\" src=\"https:\/\/jean-laurentdomingue.com\/wp-content\/uploads\/2025\/10\/Screenshot-2025-10-08-at-12.58.18-PM.png\" class=\"attachment-full size-full wp-image-6542\" alt=\"\" srcset=\"https:\/\/jean-laurentdomingue.com\/wp-content\/uploads\/2025\/10\/Screenshot-2025-10-08-at-12.58.18-PM.png 1606w, https:\/\/jean-laurentdomingue.com\/wp-content\/uploads\/2025\/10\/Screenshot-2025-10-08-at-12.58.18-PM-300x238.png 300w, https:\/\/jean-laurentdomingue.com\/wp-content\/uploads\/2025\/10\/Screenshot-2025-10-08-at-12.58.18-PM-1024x814.png 1024w, https:\/\/jean-laurentdomingue.com\/wp-content\/uploads\/2025\/10\/Screenshot-2025-10-08-at-12.58.18-PM-768x610.png 768w, https:\/\/jean-laurentdomingue.com\/wp-content\/uploads\/2025\/10\/Screenshot-2025-10-08-at-12.58.18-PM-1536x1220.png 1536w, https:\/\/jean-laurentdomingue.com\/wp-content\/uploads\/2025\/10\/Screenshot-2025-10-08-at-12.58.18-PM-600x477.png 600w\" sizes=\"(max-width: 1606px) 100vw, 1606px\" \/>\t\t\t\t\t\t\t\t\t\t\t\t\t\t\t<\/div>\n\t\t\t\t<\/div>\n\t\t\t\t\t<\/div>\n\t\t<\/div>\n\t\t\t\t<div class=\"elementor-column elementor-col-50 elementor-top-column elementor-element elementor-element-adff8cb\" data-id=\"adff8cb\" data-element_type=\"column\">\n\t\t\t<div class=\"elementor-widget-wrap elementor-element-populated\">\n\t\t\t\t\t\t<div class=\"elementor-element elementor-element-3e7c68b elementor-widget elementor-widget-text-editor\" data-id=\"3e7c68b\" data-element_type=\"widget\" data-widget_type=\"text-editor.default\">\n\t\t\t\t<div class=\"elementor-widget-container\">\n\t\t\t\t\t\t\t\t\t<h2 style=\"text-align: center;\">Voici mon assistant \u2014 loyal, poilu, et toujours en pause caf\u00e9.<\/h2>\t\t\t\t\t\t\t\t<\/div>\n\t\t\t\t<\/div>\n\t\t\t\t\t<\/div>\n\t\t<\/div>\n\t\t\t\t\t<\/div>\n\t\t<\/section>\n\t\t\t\t<\/div>\n\t\t","protected":false},"excerpt":{"rendered":"<p>biographie Jean-Laurent Domingue, inf., Ph. D. Jean-Laurent Domingue est infirmier autoris\u00e9 et professeur agr\u00e9g\u00e9 \u00e0 l\u2019\u00c9cole des sciences infirmi\u00e8res de l\u2019Universit\u00e9 d\u2019Ottawa. Jean-Laurent Domingue est infirmier autoris\u00e9 et professeur agr\u00e9g\u00e9 \u00e0 l\u2019\u00c9cole des sciences infirmi\u00e8res de l\u2019Universit\u00e9 d\u2019Ottawa. Apr\u00e8s l\u2019obtention de son baccalaur\u00e9at en sciences infirmi\u00e8res en 2014, il a travaill\u00e9 en psychiatrie et en [&hellip;]<\/p>\n","protected":false},"author":1,"featured_media":0,"parent":0,"menu_order":0,"comment_status":"closed","ping_status":"closed","template":"page-full-width.php","meta":{"footnotes":""},"class_list":["post-6535","page","type-page","status-publish","hentry"],"_links":{"self":[{"href":"https:\/\/jean-laurentdomingue.com\/fr\/wp-json\/wp\/v2\/pages\/6535","targetHints":{"allow":["GET"]}}],"collection":[{"href":"https:\/\/jean-laurentdomingue.com\/fr\/wp-json\/wp\/v2\/pages"}],"about":[{"href":"https:\/\/jean-laurentdomingue.com\/fr\/wp-json\/wp\/v2\/types\/page"}],"author":[{"embeddable":true,"href":"https:\/\/jean-laurentdomingue.com\/fr\/wp-json\/wp\/v2\/users\/1"}],"replies":[{"embeddable":true,"href":"https:\/\/jean-laurentdomingue.com\/fr\/wp-json\/wp\/v2\/comments?post=6535"}],"version-history":[{"count":12,"href":"https:\/\/jean-laurentdomingue.com\/fr\/wp-json\/wp\/v2\/pages\/6535\/revisions"}],"predecessor-version":[{"id":6647,"href":"https:\/\/jean-laurentdomingue.com\/fr\/wp-json\/wp\/v2\/pages\/6535\/revisions\/6647"}],"wp:attachment":[{"href":"https:\/\/jean-laurentdomingue.com\/fr\/wp-json\/wp\/v2\/media?parent=6535"}],"curies":[{"name":"wp","href":"https:\/\/api.w.org\/{rel}","templated":true}]}}