{"id":6546,"date":"2025-10-05T11:53:14","date_gmt":"2025-10-05T11:53:14","guid":{"rendered":"https:\/\/jean-laurentdomingue.com\/community-services\/"},"modified":"2025-10-17T12:56:09","modified_gmt":"2025-10-17T12:56:09","slug":"community-services","status":"publish","type":"page","link":"https:\/\/jean-laurentdomingue.com\/fr\/community-services\/","title":{"rendered":"Service \u00e0 la collectivit\u00e9"},"content":{"rendered":"\t\t<div data-elementor-type=\"wp-page\" data-elementor-id=\"6546\" class=\"elementor elementor-6546 elementor-5960\">\n\t\t\t\t<div class=\"elementor-element elementor-element-3cfb5b6 e-flex e-con-boxed e-con e-parent\" data-id=\"3cfb5b6\" data-element_type=\"container\">\n\t\t\t\t\t<div class=\"e-con-inner\">\n\t\t\t\t<div class=\"elementor-element elementor-element-4a38eba elementor-widget elementor-widget-text-editor\" data-id=\"4a38eba\" data-element_type=\"widget\" data-widget_type=\"text-editor.default\">\n\t\t\t\t<div class=\"elementor-widget-container\">\n\t\t\t\t\t\t\t\t\t<h1 style=\"text-align: center;\">Service \u00e0 la collectivit\u00e9<\/h1>\t\t\t\t\t\t\t\t<\/div>\n\t\t\t\t<\/div>\n\t\t\t\t<div class=\"elementor-element elementor-element-e0f9cd1 elementor-widget-divider--view-line elementor-widget elementor-widget-divider\" data-id=\"e0f9cd1\" data-element_type=\"widget\" data-widget_type=\"divider.default\">\n\t\t\t\t<div class=\"elementor-widget-container\">\n\t\t\t\t\t\t\t<div class=\"elementor-divider\">\n\t\t\t<span class=\"elementor-divider-separator\">\n\t\t\t\t\t\t<\/span>\n\t\t<\/div>\n\t\t\t\t\t\t<\/div>\n\t\t\t\t<\/div>\n\t\t\t\t<div class=\"elementor-element elementor-element-51a2f62 elementor-widget elementor-widget-text-editor\" data-id=\"51a2f62\" data-element_type=\"widget\" data-widget_type=\"text-editor.default\">\n\t\t\t\t<div class=\"elementor-widget-container\">\n\t\t\t\t\t\t\t\t\t<p>Septembre 2025 \u2013 Pr\u00e9sent<br \/>Comit\u00e9 d\u00e9partemental du personnel enseignant, \u00c9cole des sciences infirmi\u00e8res<\/p><p>\u00a0<\/p><p>2025<br \/>T\u00e9moin expert \u2013 Soins infirmiers en sant\u00e9 mentale et mesures de contr\u00f4le, Cour sup\u00e9rieure du Qu\u00e9bec<\/p><p>\u00a0<\/p><p>Octobre 2024 \u2013 Pr\u00e9sent<br \/>Membre, Conseil de la Facult\u00e9 des sciences de la sant\u00e9<\/p><p>\u00a0<\/p><p>Septembre 2024 \u2013 D\u00e9cembre 2025<br \/>Membre, Groupe de travail sur les laboratoires, \u00c9cole des sciences infirmi\u00e8res<\/p><p>\u00a0<\/p><p>2024\u20132025<br \/>Consultant \u2013 Mise en \u0153uvre de la nouvelle Loi sur la sant\u00e9 mentale, \u00c9quipe territoriale en sant\u00e9 mentale et en toxicomanie du gouvernement du Nunavut<\/p><p>\u00a0<\/p><p>Juin 2023 \u2013 Pr\u00e9sent<br \/>\u00c9valuateur, Agr\u00e9ment de l\u2019Association canadienne des \u00e9coles de sciences infirmi\u00e8res<\/p><p>\u00a0<\/p><p>Mars 2023 \u2013 D\u00e9cembre 2025<br \/>Membre, Comit\u00e9 du programme de premier cycle, \u00c9cole des sciences infirmi\u00e8res<\/p><p>\u00a0<\/p><p>Juin 2022 \u2013 Juin 2025<br \/>Membre, Comit\u00e9 de discipline et d\u2019aptitude \u00e0 exercer, Ordre des infirmi\u00e8res et infirmiers de l\u2019Ontario<\/p><p>\u00a0<\/p><p>Mai 2022 \u2013 Ao\u00fbt 2024<br \/>Membre, Comit\u00e9 de collaboration du programme de premier cycle, \u00c9cole des sciences infirmi\u00e8res<\/p><p>\u00a0<\/p><p>F\u00e9vrier 2022 \u2013 Mai 2023<br \/>Membre, Comit\u00e9 de planification de la conf\u00e9rence du Programme int\u00e9gr\u00e9 de psychiatrie l\u00e9gale, Groupe de soins de sant\u00e9 Royal Ottawa<\/p><p>\u00a0<\/p><p>2019<br \/>Membre du conseil d\u2019administration \u2013 Action-Quartier, Gatineau (Qu\u00e9bec)<\/p>\t\t\t\t\t\t\t\t<\/div>\n\t\t\t\t<\/div>\n\t\t\t\t\t<\/div>\n\t\t\t\t<\/div>\n\t\t\t\t<section class=\"elementor-section elementor-top-section elementor-element elementor-element-61410880 elementor-section-full_width qodef-elementor-content-grid qodef-offset-image-disable-below--680 elementor-section-height-default elementor-section-height-default\" data-id=\"61410880\" data-element_type=\"section\" data-settings=\"{&quot;background_background&quot;:&quot;classic&quot;}\">\n\t\t\t\t\t\t<div class=\"elementor-container elementor-column-gap-default\">\n\t\t\t\t\t<div class=\"elementor-column elementor-col-100 elementor-top-column elementor-element elementor-element-4d558b9e\" data-id=\"4d558b9e\" data-element_type=\"column\">\n\t\t\t<div class=\"elementor-widget-wrap elementor-element-populated\">\n\t\t\t\t\t\t<div class=\"elementor-element elementor-element-5586db1a elementor-widget__width-inherit elementor-widget elementor-widget-wellmont_core_section_title\" data-id=\"5586db1a\" data-element_type=\"widget\" data-widget_type=\"wellmont_core_section_title.default\">\n\t\t\t\t<div class=\"elementor-widget-container\">\n\t\t\t\t\t<div class=\"qodef-shortcode qodef-m  qodef-section-title qodef-alignment--center \">\n\t\t<div class=\"qodef-m-supertitle\" style=\"margin-bottom: 15px\">\n\t\t<h6 class=\"qodef-m-supertitle-text\">Jean-Laurent est membre du <\/h6>\n\t<\/div>\n\t\t<h2 class=\"qodef-m-title\" style=\"color: #5D5C4B\">\n\t\t\t\t\tcomit\u00e9 de r\u00e9daction de\t\t\t<\/h2>\n\t\t\t<p class=\"qodef-m-text\" style=\"margin-top: 10px;color: #0B0449\">\n<\/p>\n<\/div>\n\t\t\t\t<\/div>\n\t\t\t\t<\/div>\n\t\t\t\t\t<\/div>\n\t\t<\/div>\n\t\t\t\t\t<\/div>\n\t\t<\/section>\n\t\t\t\t<section class=\"elementor-section elementor-top-section elementor-element elementor-element-238a2ecb qodef-elementor-content-grid qodef-offset-image-disable-below--680 elementor-section-boxed elementor-section-height-default elementor-section-height-default\" data-id=\"238a2ecb\" data-element_type=\"section\" data-settings=\"{&quot;background_background&quot;:&quot;classic&quot;}\">\n\t\t\t\t\t\t<div class=\"elementor-container elementor-column-gap-default\">\n\t\t\t\t\t<div class=\"elementor-column elementor-col-50 elementor-top-column elementor-element elementor-element-6c86b434\" data-id=\"6c86b434\" data-element_type=\"column\">\n\t\t\t<div class=\"elementor-widget-wrap elementor-element-populated\">\n\t\t\t\t\t\t<div class=\"elementor-element elementor-element-3b5d626a elementor-widget__width-initial elementor-widget elementor-widget-image\" data-id=\"3b5d626a\" data-element_type=\"widget\" data-widget_type=\"image.default\">\n\t\t\t\t<div class=\"elementor-widget-container\">\n\t\t\t\t\t\t\t\t\t\t\t\t\t\t\t\t<a href=\"https:\/\/uottawa.scholarsportal.info\/ottawa\/index.php\/aporia\/about\" target=\"_blank\">\n\t\t\t\t\t\t\t<img fetchpriority=\"high\" decoding=\"async\" width=\"676\" height=\"121\" src=\"https:\/\/jean-laurentdomingue.com\/wp-content\/uploads\/2025\/10\/homepageImage_en_US.png\" class=\"attachment-large size-large wp-image-6539\" alt=\"\" srcset=\"https:\/\/jean-laurentdomingue.com\/wp-content\/uploads\/2025\/10\/homepageImage_en_US.png 676w, https:\/\/jean-laurentdomingue.com\/wp-content\/uploads\/2025\/10\/homepageImage_en_US-300x54.png 300w, https:\/\/jean-laurentdomingue.com\/wp-content\/uploads\/2025\/10\/homepageImage_en_US-600x107.png 600w\" sizes=\"(max-width: 676px) 100vw, 676px\" \/>\t\t\t\t\t\t\t\t<\/a>\n\t\t\t\t\t\t\t\t\t\t\t\t\t\t\t<\/div>\n\t\t\t\t<\/div>\n\t\t\t\t\t<\/div>\n\t\t<\/div>\n\t\t\t\t<div class=\"elementor-column elementor-col-50 elementor-top-column elementor-element elementor-element-4cab42b2\" data-id=\"4cab42b2\" data-element_type=\"column\">\n\t\t\t<div class=\"elementor-widget-wrap elementor-element-populated\">\n\t\t\t\t\t\t<div class=\"elementor-element elementor-element-336bb79 elementor-widget__width-initial elementor-widget elementor-widget-image\" data-id=\"336bb79\" data-element_type=\"widget\" data-widget_type=\"image.default\">\n\t\t\t\t<div class=\"elementor-widget-container\">\n\t\t\t\t\t\t\t\t\t\t\t\t\t\t\t\t<a href=\"https:\/\/www.parrhesiajournal.com\/\" target=\"_blank\">\n\t\t\t\t\t\t\t<img decoding=\"async\" width=\"510\" height=\"98\" src=\"https:\/\/jean-laurentdomingue.com\/wp-content\/uploads\/2025\/10\/57c1eb_33bfc47caf7d45f88c1740df82da92e6mv2.avif\" class=\"attachment-large size-large wp-image-6540\" alt=\"\" srcset=\"https:\/\/jean-laurentdomingue.com\/wp-content\/uploads\/2025\/10\/57c1eb_33bfc47caf7d45f88c1740df82da92e6mv2.avif 510w, https:\/\/jean-laurentdomingue.com\/wp-content\/uploads\/2025\/10\/57c1eb_33bfc47caf7d45f88c1740df82da92e6mv2-300x58.avif 300w\" sizes=\"(max-width: 510px) 100vw, 510px\" \/>\t\t\t\t\t\t\t\t<\/a>\n\t\t\t\t\t\t\t\t\t\t\t\t\t\t\t<\/div>\n\t\t\t\t<\/div>\n\t\t\t\t\t<\/div>\n\t\t<\/div>\n\t\t\t\t\t<\/div>\n\t\t<\/section>\n\t\t\t\t<\/div>\n\t\t","protected":false},"excerpt":{"rendered":"<p>Service \u00e0 la collectivit\u00e9 Septembre 2025 \u2013 Pr\u00e9sentComit\u00e9 d\u00e9partemental du personnel enseignant, \u00c9cole des sciences infirmi\u00e8res \u00a0 2025T\u00e9moin expert \u2013 Soins infirmiers en sant\u00e9 mentale et mesures de contr\u00f4le, Cour sup\u00e9rieure du Qu\u00e9bec \u00a0 Octobre 2024 \u2013 Pr\u00e9sentMembre, Conseil de la Facult\u00e9 des sciences de la sant\u00e9 \u00a0 Septembre 2024 \u2013 D\u00e9cembre 2025Membre, Groupe de [&hellip;]<\/p>\n","protected":false},"author":1,"featured_media":0,"parent":0,"menu_order":0,"comment_status":"closed","ping_status":"closed","template":"page-full-width.php","meta":{"footnotes":""},"class_list":["post-6546","page","type-page","status-publish","hentry"],"_links":{"self":[{"href":"https:\/\/jean-laurentdomingue.com\/fr\/wp-json\/wp\/v2\/pages\/6546","targetHints":{"allow":["GET"]}}],"collection":[{"href":"https:\/\/jean-laurentdomingue.com\/fr\/wp-json\/wp\/v2\/pages"}],"about":[{"href":"https:\/\/jean-laurentdomingue.com\/fr\/wp-json\/wp\/v2\/types\/page"}],"author":[{"embeddable":true,"href":"https:\/\/jean-laurentdomingue.com\/fr\/wp-json\/wp\/v2\/users\/1"}],"replies":[{"embeddable":true,"href":"https:\/\/jean-laurentdomingue.com\/fr\/wp-json\/wp\/v2\/comments?post=6546"}],"version-history":[{"count":8,"href":"https:\/\/jean-laurentdomingue.com\/fr\/wp-json\/wp\/v2\/pages\/6546\/revisions"}],"predecessor-version":[{"id":6555,"href":"https:\/\/jean-laurentdomingue.com\/fr\/wp-json\/wp\/v2\/pages\/6546\/revisions\/6555"}],"wp:attachment":[{"href":"https:\/\/jean-laurentdomingue.com\/fr\/wp-json\/wp\/v2\/media?parent=6546"}],"curies":[{"name":"wp","href":"https:\/\/api.w.org\/{rel}","templated":true}]}}