{"id":6563,"date":"2025-10-05T12:01:28","date_gmt":"2025-10-05T12:01:28","guid":{"rendered":"https:\/\/jean-laurentdomingue.com\/publications\/"},"modified":"2025-10-17T13:07:21","modified_gmt":"2025-10-17T13:07:21","slug":"publications","status":"publish","type":"page","link":"https:\/\/jean-laurentdomingue.com\/fr\/publications\/","title":{"rendered":"Publications"},"content":{"rendered":"\t\t<div data-elementor-type=\"wp-page\" data-elementor-id=\"6563\" class=\"elementor elementor-6563 elementor-5962\">\n\t\t\t\t<div class=\"elementor-element elementor-element-fa51b6c e-flex e-con-boxed e-con e-parent\" data-id=\"fa51b6c\" data-element_type=\"container\">\n\t\t\t\t\t<div class=\"e-con-inner\">\n\t\t\t\t<div class=\"elementor-element elementor-element-926d958 elementor-widget elementor-widget-text-editor\" data-id=\"926d958\" data-element_type=\"widget\" data-widget_type=\"text-editor.default\">\n\t\t\t\t<div class=\"elementor-widget-container\">\n\t\t\t\t\t\t\t\t\t<h1 style=\"text-align: center;\">Publications<\/h1>\t\t\t\t\t\t\t\t<\/div>\n\t\t\t\t<\/div>\n\t\t\t\t<div class=\"elementor-element elementor-element-755968f elementor-widget-divider--view-line elementor-widget elementor-widget-divider\" data-id=\"755968f\" data-element_type=\"widget\" data-widget_type=\"divider.default\">\n\t\t\t\t<div class=\"elementor-widget-container\">\n\t\t\t\t\t\t\t<div class=\"elementor-divider\">\n\t\t\t<span class=\"elementor-divider-separator\">\n\t\t\t\t\t\t<\/span>\n\t\t<\/div>\n\t\t\t\t\t\t<\/div>\n\t\t\t\t<\/div>\n\t\t\t\t<div class=\"elementor-element elementor-element-e92237c elementor-widget elementor-widget-text-editor\" data-id=\"e92237c\" data-element_type=\"widget\" data-widget_type=\"text-editor.default\">\n\t\t\t\t<div class=\"elementor-widget-container\">\n\t\t\t\t\t\t\t\t\t<h4 style=\"text-align: center;\"><span class=\"html-span xdj266r x14z9mp xat24cr x1lziwak xexx8yu xyri2b x18d9i69 x1c1uobl x1hl2dhg x16tdsg8 x1vvkbs x4k7w5x x1h91t0o x1h9r5lt x1jfb8zj xv2umb2 x1beo9mf xaigb6o x12ejxvf x3igimt xarpa2k xedcshv x1lytzrv x1t2pt76 x7ja8zs x1qrby5j\"><span class=\"x193iq5w xeuugli x13faqbe x1vvkbs xlh3980 xvmahel x1n0sxbx x1lliihq x1s928wv xhkezso x1gmr53x x1cpjm7i x1fgarty x1943h6x xudqn12 x3x7a5m x6prxxf xvq8zen xo1l8bm xzsf02u\" dir=\"auto\">Consultez la liste compl\u00e8te et \u00e0 jour des <span style=\"text-decoration: underline;\"><a href=\"https:\/\/scholar.google.ca\/citations?user=sI7OHMIAAAAJ&amp;hl=fr\" target=\"_blank\" rel=\"noopener\">publications<\/a><\/span> de Jean-Laurent Domingue.<\/span><\/span><\/h4>\t\t\t\t\t\t\t\t<\/div>\n\t\t\t\t<\/div>\n\t\t\t\t<div class=\"elementor-element elementor-element-23a36a1 elementor-widget elementor-widget-text-editor\" data-id=\"23a36a1\" data-element_type=\"widget\" data-widget_type=\"text-editor.default\">\n\t\t\t\t<div class=\"elementor-widget-container\">\n\t\t\t\t\t\t\t\t\t<p>Domingue, J-L., Michel, S. &amp; Neves, J. (2025).* <em>Roles of Families in Forensic Psychiatry in Ontario, Canada.<\/em> <em>International Journal of Forensic Mental Health<\/em>, 24(2). <a href=\"https:\/\/doi.org\/10.1177\/14999013251319790\">https:\/\/doi.org\/10.1177\/14999013251319790<\/a><\/p><p>\u00a0<\/p><p>Domingue, J-L., Michel, S. &amp; Neves, J. (2025).* <em>\u00ab It just felt like a rubber stamp \u00bb : Family Experiences of Mental Health Review Board Hearings in Ontario, Canada.<\/em> <em>International Journal of Law and Psychiatry<\/em>, 99, 102062. <a href=\"https:\/\/doi.org\/10.1016\/j.ijlp.2024.102062\">https:\/\/doi.org\/10.1016\/j.ijlp.2024.102062<\/a><\/p><p>\u00a0<\/p><p>Domingue, J-L., Lauzier, K. &amp; Foth, T. (2024). <em>Quiet quitting: Obedience a minima as a form of nursing resistance.<\/em> <em>Nursing Philosophy: An International Journal for Healthcare Professionals<\/em>, 25(3), e12493. <a href=\"https:\/\/doi.org\/10.1111\/nup.12493\">https:\/\/doi.org\/10.1111\/nup.12493<\/a><\/p><p>\u00a0<\/p><p>Paradis-Gagn\u00e9, E. &amp; Domingue, J-L. (2024). <em>Les apports m\u00e9thodologiques et th\u00e9oriques de l\u2019analyse critique du discours pour la recherche en sciences infirmi\u00e8res.<\/em> <em>Recherche en Soins Infirmiers<\/em>, 156, 58\u201366.<\/p><p>\u00a0<\/p><p>Hamidi, Y.*, Tyerman, J., Domingue, J-L. &amp; Luctkar-Flude, M. (2024). <em>The perceived effectiveness of a suicide assessment virtual simulation module for undergraduate nursing students.<\/em> <em>Clinical Simulation in Nursing<\/em>, 89, 101509. <a href=\"https:\/\/doi.org\/10.1016\/j.ecns.2024.101509\">https:\/\/doi.org\/10.1016\/j.ecns.2024.101509<\/a><\/p><p>\u00a0<\/p><p>Jager, F., Domingue, J. L., Perron, A., &amp; Jacob, J. D. (2024). <em>Combining Critical Ethnography and Critical Discourse Analysis in Mental Health Nursing Research.<\/em> <em>Nursing Research<\/em>, 73(3), 237\u2013247. <a href=\"https:\/\/doi.org\/10.1097\/NNR.0000000000000718\">https:\/\/doi.org\/10.1097\/NNR.0000000000000718<\/a><\/p><p>\u00a0<\/p><p>Domingue, J-L., Murata, L., Ukagwu, C., Pryer, B., Patel, S., Neves, J. &amp; Iqbal, T. (2024).* <em>Exploring clients\u2019 experiences of transitioning mental health nursing care from an in-person to a virtual format due to the COVID-19 pandemic.<\/em> <em>Revue canadienne de recherche en sciences infirmi\u00e8res<\/em>, 56(1), 69\u201380. <a href=\"https:\/\/doi.org\/10.1177\/08445621231221033\">https:\/\/doi.org\/10.1177\/08445621231221033<\/a><\/p><p>\u00a0<\/p><p>Domingue, J. L., &amp; Jacob, J. D. (2023). <em>Discursive constructions of family functions in forensic psychiatry: A critical ethnographic perspective.<\/em> <em>Health: An Interdisciplinary Journal for the Social Study of Health, Illness and Medicine.<\/em> Publication anticip\u00e9e en ligne. <a href=\"https:\/\/doi.org\/10.1177\/13634593231185263\">https:\/\/doi.org\/10.1177\/13634593231185263<\/a><\/p><p>\u00a0<\/p><p>Domingue, J. L., Jager, F., Lusk, J., Ezeani, C., Pryer, B., &amp; Davis, S. (2023). <em>\u00ab The Person Gets Lost in the Whole Process \u00bb: Access to Physical Healthcare for Patients Hospitalized in a Psychiatric Hospital.<\/em> <em>Research and Theory for Nursing Practice<\/em>, 37(2), 214\u2013230. <a href=\"https:\/\/doi.org\/10.1891\/RTNP-2022-0089\">https:\/\/doi.org\/10.1891\/RTNP-2022-0089<\/a><\/p><p>\u00a0<\/p><p>Domingue, J. L., Jager, F., Lusk, J., Pryer, B., Ezeani, C., &amp; Davis, A. (2023). <em>\u00ab You\u2019re Just a Mental Health Nurse \u00bb: Nurses\u2019 Experiences of Associative Stigma When Accessing Physical Health Care for Their Patients.<\/em> <em>Issues in Mental Health Nursing<\/em>, 44(2), 121\u2013129. <a href=\"https:\/\/doi.org\/10.1080\/01612840.2023.2174219\">https:\/\/doi.org\/10.1080\/01612840.2023.2174219<\/a><\/p><p>\u00a0<\/p><p>Domingue, J. L., Jacob, J. D., Perron, A., Foth, T., &amp; Pariseau-Legault, P. (2023). <em>The Forensic Psychiatric Network of Observation and Documentation: At the Intersection of Review Board Hearings and Nursing Practice.<\/em> <em>Journal of Forensic Nursing<\/em>, 19(1), 21\u201329. <a href=\"https:\/\/doi.org\/10.1097\/JFN.0000000000000387\">https:\/\/doi.org\/10.1097\/JFN.0000000000000387<\/a><\/p><p>\u00a0<\/p><p>Domingue, J. L., Jacob, J. D., Perron, A., Pariseau-Legault, P., &amp; Foth, T. (2023). <em>A critical ethnographic perspective on risk and dangerousness in forensic psychiatry.<\/em> <em>Nursing Inquiry<\/em>, 30(2), e12521. <a href=\"https:\/\/doi.org\/10.1111\/nin.12521\">https:\/\/doi.org\/10.1111\/nin.12521<\/a><\/p><p>\u00a0<\/p><p>Domingue, J-L., Jacob, J-D., Pariseau-Legault, P., Perron, A., &amp; Foth, T. (2022). <em>Nurses and the Discursive Construction of Procedural Justice in Review Board Hearings.<\/em> <em>Aporia<\/em>, 14(2), 11\u201321. <a href=\"https:\/\/doi.org\/10.18192\/aporia.v14i2.6424\">https:\/\/doi.org\/10.18192\/aporia.v14i2.6424<\/a><\/p><p>\u00a0<\/p><p>Domingue, J. L., Jager, F., Lusk, J., Davis, A., Ezeani, C., Perkins, M., &amp; Pryer, B. (2022). <em>An Integrative Review of Mental Health Nurses\u2019 and Other Professionals\u2019 Experience of Associative Stigma.<\/em> <em>Issues in Mental Health Nursing<\/em>, 43(9), 843\u2013851. <a href=\"https:\/\/doi.org\/10.1080\/01612840.2022.2055243\">https:\/\/doi.org\/10.1080\/01612840.2022.2055243<\/a><\/p><p>\u00a0<\/p><p>Domingue, J-L., Jacob, J-D., Perron, A., Pariseau-Legault, P. &amp; Foth, T. (2020). <em>(Re)construction identitaire et pratique infirmi\u00e8re : R\u00e9flexion critique sur les commissions d\u2019examen.<\/em> <em>Recherche en Soins Infirmiers<\/em>, 143, 118\u2013126. <a href=\"https:\/\/doi.org\/10.3917\/rsi.143.0118\">https:\/\/doi.org\/10.3917\/rsi.143.0118<\/a><\/p><p>\u00a0<\/p><p>Domingue, J.-L., Michel, S.F., Cl\u00e9roux, C., Dobson, T., Fr\u00e9chette, J.-M., Fusco, N., Jaroudi, L., Konecki, R., Power, D., Richardson-Brown, S., Robins, R., Stufko, T., Telford, S. &amp; Wesley, W. (2020). <em>Designing a forensic mental health service delivery model: a multi-professional approach.<\/em> <em>The Journal of Forensic Practice<\/em>, 22(3), 137\u2013147. <a href=\"https:\/\/doi.org\/10.1108\/JFP-01-2020-0002\">https:\/\/doi.org\/10.1108\/JFP-01-2020-0002<\/a><\/p><p>\u00a0<\/p><p>Phillips, J. C., Domingue, J. L., Petty, M., Coker, M. A., Howard, T., &amp; Margolese, S. (2016). <em>HIV Care Nurses\u2019 Knowledge of HIV Criminalization: A Feasibility Study.<\/em> <em>Journal of the Association of Nurses in AIDS Care (JANAC)<\/em>, 27(6), 755\u2013767. <a href=\"https:\/\/doi.org\/10.1016\/j.jana.2016.06.002\">https:\/\/doi.org\/10.1016\/j.jana.2016.06.002<\/a><\/p><p>\u00a0<\/p><p>Phillips, J. C., Domingue, J. L., &amp; Morrisseau-Beck, D. A. (2013). <em>\u00ab I need my nurse! \u00bb Nurses and the criminalization of HIV in North America.<\/em> <em>Journal of the Association of Nurses in AIDS Care (JANAC)<\/em>, 24(6), 471\u2013472. <a href=\"https:\/\/doi.org\/10.1016\/j.jana.2013.08.004\">https:\/\/doi.org\/10.1016\/j.jana.2013.08.004<\/a><\/p>\t\t\t\t\t\t\t\t<\/div>\n\t\t\t\t<\/div>\n\t\t\t\t\t<\/div>\n\t\t\t\t<\/div>\n\t\t\t\t<\/div>\n\t\t","protected":false},"excerpt":{"rendered":"<p>Publications Consultez la liste compl\u00e8te et \u00e0 jour des publications de Jean-Laurent Domingue. Domingue, J-L., Michel, S. &amp; Neves, J. (2025).* Roles of Families in Forensic Psychiatry in Ontario, Canada. International Journal of Forensic Mental Health, 24(2). https:\/\/doi.org\/10.1177\/14999013251319790 \u00a0 Domingue, J-L., Michel, S. &amp; Neves, J. (2025).* \u00ab It just felt like a rubber stamp [&hellip;]<\/p>\n","protected":false},"author":1,"featured_media":0,"parent":0,"menu_order":0,"comment_status":"closed","ping_status":"closed","template":"","meta":{"footnotes":""},"class_list":["post-6563","page","type-page","status-publish","hentry"],"_links":{"self":[{"href":"https:\/\/jean-laurentdomingue.com\/fr\/wp-json\/wp\/v2\/pages\/6563","targetHints":{"allow":["GET"]}}],"collection":[{"href":"https:\/\/jean-laurentdomingue.com\/fr\/wp-json\/wp\/v2\/pages"}],"about":[{"href":"https:\/\/jean-laurentdomingue.com\/fr\/wp-json\/wp\/v2\/types\/page"}],"author":[{"embeddable":true,"href":"https:\/\/jean-laurentdomingue.com\/fr\/wp-json\/wp\/v2\/users\/1"}],"replies":[{"embeddable":true,"href":"https:\/\/jean-laurentdomingue.com\/fr\/wp-json\/wp\/v2\/comments?post=6563"}],"version-history":[{"count":7,"href":"https:\/\/jean-laurentdomingue.com\/fr\/wp-json\/wp\/v2\/pages\/6563\/revisions"}],"predecessor-version":[{"id":6570,"href":"https:\/\/jean-laurentdomingue.com\/fr\/wp-json\/wp\/v2\/pages\/6563\/revisions\/6570"}],"wp:attachment":[{"href":"https:\/\/jean-laurentdomingue.com\/fr\/wp-json\/wp\/v2\/media?parent=6563"}],"curies":[{"name":"wp","href":"https:\/\/api.w.org\/{rel}","templated":true}]}}